{"id":753,"date":"2021-03-14T12:08:53","date_gmt":"2021-03-14T11:08:53","guid":{"rendered":"https:\/\/www.recreatieparkdekuilen.nl\/over-recreatiepark-de-kuilen\/"},"modified":"2025-01-30T11:31:23","modified_gmt":"2025-01-30T10:31:23","slug":"ueber-erholungspark-de-kuilen","status":"publish","type":"page","link":"https:\/\/www.recreatieparkdekuilen.nl\/de\/ueber-erholungspark-de-kuilen\/","title":{"rendered":"\u00dcber de Kuilen"},"content":{"rendered":"<h2>Unsere Leidenschaft<\/h2>\n<p>Unsere Reise begann mit der Leidenschaft f\u00fcr die Sache, der Liebe zur Natur, und dem Wunsch Menschen die Sch\u00f6nheit genie\u00dfen zu lassen die der Umkreis von Someren zu bieten hat. De Kuilen ist f\u00fcr uns mehr als ein Erholungspark; Es ist ein Ort, an dem Erinnerungen entstehen, an dem Familien zusammenkommen und an dem die G\u00e4ste das Gute genie\u00dfen, dass das Leben zu bieten hat.<\/p>\n<p>Wir sind jederzeit selbst vor Ort, um all unseren G\u00e4sten pers\u00f6nlichen Service zu bieten. Wir m\u00f6chten, dass du dich willkommen f\u00fchlst und dass dein Urlaub genau so ist, wie du es dir erhofft hast. Egal, ob du auf der Suche nach Abenteuer, Entspannung oder einfach nur ein wenig Zeit mit deinen Lieben bist.<\/p>\n<h2>Verschieden Unterkunftsm\u00f6glichkeiten<\/h2>\n<p>Egal ob du lieber zeltest, in einem komfortablen Ferienhaus \u00fcbernachtest oder die Geselligkeit einer Gruppenunterkunft bevorzugst, im Erholungspark de Kuilen haben wir eine Option f\u00fcr alle Campingbed\u00fcrfnisse. Wir bieten auch Stellpl\u00e4tze f\u00fcr Wohnmobile und Wohnwagen an, damit du dein Zuhause auf R\u00e4dern mitnehmen und alle Dienstleistungen genie\u00dfen kannst, die unser Park zu bieten hat.<\/p>\n<p>F\u00fcr diejenigen die auf der Suche nach einem Zweitwohnsitz in den Niederlanden sind, bieten wir die M\u00f6glichkeit ein Ferienhaus in unserem Park zu kaufen. Unsere Ferienh\u00e4user sind komplett aus Holz gebaut und auf Langlebigkeit ausgelegt, sodass Sie Komfort und Luxus mitten in der Natur genie\u00dfen k\u00f6nnen.<\/p>\n<h2>Umgeben von herrlicher Natur<\/h2>\n<p>Unser Erholungspark ist von pr\u00e4chtiger, nat\u00fcrlicher Sch\u00f6nheit umgeben. Ob du nun wandern, Rad fahren, reiten, angeln oder einfach nur die sch\u00f6ne Umgebung genie\u00dfen willst, hier gibt es immer etwas zu entdecken.<\/p>\n<h2>Ideal f\u00fcr den Urlaub mit dem eigenen Pferd<\/h2>\n<p>Bei uns hast du die Chance deinen Urlaub mit deinem allergr\u00f6\u00dften Hobby zu kombinieren: dem Reiten. Die nat\u00fcrliche Umgebung ist perfekt f\u00fcr einen gro\u00dfartigen Reiturlaub mit dem eigenen Pferd, weil wir ausreichende Stallm\u00f6glichkeiten haben. Die vielen Reitwege zeichnen sich durch gut zug\u00e4ngliche Sandwege in einem herrlichen Naturschutzgebiet aus.<\/p>\n<p>Kurzum: Bei uns dreht sich alles um dich und deine Urlaubsw\u00fcnsche. Wir hoffen, dich bald begr\u00fc\u00dfen zu d\u00fcrfen und Teil der unvergesslichen Erinnerungen zu werden, die du hier machen wirst.<\/p>\n","protected":false},"excerpt":{"rendered":"<p>Unsere Leidenschaft Unsere Reise begann mit der Leidenschaft f\u00fcr die Sache, der Liebe zur Natur, und dem Wunsch Menschen die Sch\u00f6nheit genie\u00dfen zu lassen die der Umkreis von Someren zu bieten hat. De Kuilen ist f\u00fcr uns mehr als ein Erholungspark; Es ist ein Ort, an dem Erinnerungen entstehen, an dem Familien zusammenkommen und an [&hellip;]<\/p>\n","protected":false},"author":2,"featured_media":0,"parent":0,"menu_order":0,"comment_status":"closed","ping_status":"closed","template":"","meta":{"_acf_changed":false,"footnotes":""},"class_list":["post-753","page","type-page","status-publish","hentry"],"acf":[],"yoast_head":"<!-- This site is optimized with the Yoast SEO plugin v27.0 - https:\/\/yoast.com\/product\/yoast-seo-wordpress\/ -->\n<title>\u00dcber de Kuilen - Recreatiepark de Kuilen<\/title>\n<meta name=\"description\" content=\"Ontdek Recreatiepark De Kuilen: een familiepark vol passie en persoonlijke aandacht. Geniet van een onvergetelijke vakantie midden in de Brabantse natuur!\" \/>\n<meta name=\"robots\" content=\"index, follow, max-snippet:-1, max-image-preview:large, max-video-preview:-1\" \/>\n<link rel=\"canonical\" href=\"https:\/\/www.recreatieparkdekuilen.nl\/de\/ueber-erholungspark-de-kuilen\/\" \/>\n<meta property=\"og:locale\" content=\"de_DE\" \/>\n<meta property=\"og:type\" content=\"article\" \/>\n<meta property=\"og:title\" content=\"\u00dcber de Kuilen - Recreatiepark de Kuilen\" \/>\n<meta property=\"og:description\" content=\"Ontdek Recreatiepark De Kuilen: een familiepark vol passie en persoonlijke aandacht. Geniet van een onvergetelijke vakantie midden in de Brabantse natuur!\" \/>\n<meta property=\"og:url\" content=\"https:\/\/www.recreatieparkdekuilen.nl\/de\/ueber-erholungspark-de-kuilen\/\" \/>\n<meta property=\"og:site_name\" content=\"Recreatiepark de Kuilen\" \/>\n<meta property=\"article:modified_time\" content=\"2025-01-30T10:31:23+00:00\" \/>\n<meta name=\"twitter:card\" content=\"summary_large_image\" \/>\n<meta name=\"twitter:label1\" content=\"Gesch\u00e4tzte Lesezeit\" \/>\n\t<meta name=\"twitter:data1\" content=\"3\u00a0Minuten\" \/>\n<!-- \/ Yoast SEO plugin. -->","yoast_head_json":{"title":"\u00dcber de Kuilen - Recreatiepark de Kuilen","description":"Ontdek Recreatiepark De Kuilen: een familiepark vol passie en persoonlijke aandacht. Geniet van een onvergetelijke vakantie midden in de Brabantse natuur!","robots":{"index":"index","follow":"follow","max-snippet":"max-snippet:-1","max-image-preview":"max-image-preview:large","max-video-preview":"max-video-preview:-1"},"canonical":"https:\/\/www.recreatieparkdekuilen.nl\/de\/ueber-erholungspark-de-kuilen\/","og_locale":"de_DE","og_type":"article","og_title":"\u00dcber de Kuilen - Recreatiepark de Kuilen","og_description":"Ontdek Recreatiepark De Kuilen: een familiepark vol passie en persoonlijke aandacht. Geniet van een onvergetelijke vakantie midden in de Brabantse natuur!","og_url":"https:\/\/www.recreatieparkdekuilen.nl\/de\/ueber-erholungspark-de-kuilen\/","og_site_name":"Recreatiepark de Kuilen","article_modified_time":"2025-01-30T10:31:23+00:00","twitter_card":"summary_large_image","twitter_misc":{"Gesch\u00e4tzte Lesezeit":"3\u00a0Minuten"},"schema":{"@context":"https:\/\/schema.org","@graph":[{"@type":"WebPage","@id":"https:\/\/www.recreatieparkdekuilen.nl\/de\/ueber-erholungspark-de-kuilen\/","url":"https:\/\/www.recreatieparkdekuilen.nl\/de\/ueber-erholungspark-de-kuilen\/","name":"\u00dcber de Kuilen - Recreatiepark de Kuilen","isPartOf":{"@id":"https:\/\/www.recreatieparkdekuilen.nl\/de\/#website"},"datePublished":"2021-03-14T11:08:53+00:00","dateModified":"2025-01-30T10:31:23+00:00","description":"Ontdek Recreatiepark De Kuilen: een familiepark vol passie en persoonlijke aandacht. Geniet van een onvergetelijke vakantie midden in de Brabantse natuur!","inLanguage":"de","potentialAction":[{"@type":"ReadAction","target":["https:\/\/www.recreatieparkdekuilen.nl\/de\/ueber-erholungspark-de-kuilen\/"]}]},{"@type":"WebSite","@id":"https:\/\/www.recreatieparkdekuilen.nl\/de\/#website","url":"https:\/\/www.recreatieparkdekuilen.nl\/de\/","name":"Recreatiepark de Kuilen","description":"Recreatiepark de Kuilen","potentialAction":[{"@type":"SearchAction","target":{"@type":"EntryPoint","urlTemplate":"https:\/\/www.recreatieparkdekuilen.nl\/de\/?s={search_term_string}"},"query-input":{"@type":"PropertyValueSpecification","valueRequired":true,"valueName":"search_term_string"}}],"inLanguage":"de"}]}},"_links":{"self":[{"href":"https:\/\/www.recreatieparkdekuilen.nl\/de\/wp-json\/wp\/v2\/pages\/753","targetHints":{"allow":["GET"]}}],"collection":[{"href":"https:\/\/www.recreatieparkdekuilen.nl\/de\/wp-json\/wp\/v2\/pages"}],"about":[{"href":"https:\/\/www.recreatieparkdekuilen.nl\/de\/wp-json\/wp\/v2\/types\/page"}],"author":[{"embeddable":true,"href":"https:\/\/www.recreatieparkdekuilen.nl\/de\/wp-json\/wp\/v2\/users\/2"}],"replies":[{"embeddable":true,"href":"https:\/\/www.recreatieparkdekuilen.nl\/de\/wp-json\/wp\/v2\/comments?post=753"}],"version-history":[{"count":3,"href":"https:\/\/www.recreatieparkdekuilen.nl\/de\/wp-json\/wp\/v2\/pages\/753\/revisions"}],"predecessor-version":[{"id":777,"href":"https:\/\/www.recreatieparkdekuilen.nl\/de\/wp-json\/wp\/v2\/pages\/753\/revisions\/777"}],"wp:attachment":[{"href":"https:\/\/www.recreatieparkdekuilen.nl\/de\/wp-json\/wp\/v2\/media?parent=753"}],"curies":[{"name":"wp","href":"https:\/\/api.w.org\/{rel}","templated":true}]}}